{"id":404,"date":"2018-10-10T11:22:16","date_gmt":"2018-10-10T09:22:16","guid":{"rendered":"http:\/\/x9125ssro.preview.infomaniak.website\/mentions-legales\/"},"modified":"2023-06-15T10:27:35","modified_gmt":"2023-06-15T08:27:35","slug":"mentions-legales","status":"publish","type":"page","link":"https:\/\/www.fipe.pro\/zh-hans\/mentions-legales\/","title":{"rendered":"\u6743\u5229\u58f0\u660e"},"content":{"rendered":"<p><strong>URL Principale :<\/strong><br \/>\n<strong>Directeurs de la publication :<\/strong><br \/>\n<strong><a href=\"http:\/\/www.atelier-asap.com\/\" target=\"_blank\" rel=\"noopener\">Conception du site internet<\/a>\u00a0:<\/strong>\u00a0Atelier Asap<br \/>\n<strong>D\u00e9veloppement du site Internet :<\/strong>\u00a0Atelier Asap<br \/>\n<strong>H\u00e9bergement :<\/strong>\u00a0Infomaniak<\/p>\n<p><strong>Si\u00e8ge social :<\/strong><\/p>\n<p>&nbsp;<\/p>\n<p>&nbsp;<\/p>\n<p><strong>Exercice du droit d\u2019acc\u00e8s<\/strong><\/p>\n<p>Conform\u00e9ment \u00e0 l\u2019article 34 de la Loi Informatique et Libert\u00e9s, vous disposez d\u2019un droit d\u2019acc\u00e8s, de modification, de rectification et de suppression des donn\u00e9es qui vous concernent. Pour exercer ce droit d\u2019acc\u00e8s, adressez-vous \u00e0 contact@atelier-asap.com<\/p>\n<p>Cr\u00e9dits photos : Fotolia<\/p>\n<p>La consultation du site est subordonn\u00e9e \u00e0 l\u2019acceptation int\u00e9grale et au respect par les internautes, des conditions d\u2019utilisation suivantes. L\u2019internaute s\u2019engage d\u2019ores et d\u00e9j\u00e0 \u00e0 faire des informations contenues sur le site un usage personnel et non commercial. En cas de non-respect des dispositions de la pr\u00e9sente Charte, par l\u2019internaute, sa responsabilit\u00e9 civile et\/ou p\u00e9nale pourrai(en)t se voir engag\u00e9e(s).<\/p>\n<p><strong>1 \u2013 Contenu du Site<\/strong><\/p>\n<p>Le site est exploit\u00e9 par\u00a0 Fipe<br \/>\nSite de pr\u00e9sentation des activit\u00e9s et services deFipe<\/p>\n<p><strong>2 \u2013 Propri\u00e9t\u00e9 intellectuelle<\/strong><\/p>\n<p>Le site constitue une \u0153uvre dont Fipe \u00a0est l\u2019auteur au sens des articles L111.1 et suivants du Code de propri\u00e9t\u00e9 intellectuelle.<\/p>\n<p>De mani\u00e8re g\u00e9n\u00e9rale, les donn\u00e9es, les programmes, les \u00e9chantillons musicaux, les textes, les informations, les logos, les identit\u00e9s visuelles, les images anim\u00e9es ou non et leurs mises en forme apparaissant sur le site sont la propri\u00e9t\u00e9 de Fipe \u00a0et sont prot\u00e9g\u00e9es \u00e0 ce titre par les dispositions du Code de la propri\u00e9t\u00e9 intellectuelle.<\/p>\n<p>Tout internaute s\u2019engage \u00e0 ne pas les utiliser et \u00e0 ne permettre \u00e0 quiconque d\u2019utiliser ces contenus \u00e0 des fins ill\u00e9gales.<\/p>\n<p>Toute repr\u00e9sentation ou reproduction, totale ou partielle, permanente ou temporaire, sur un support informatique et\/ou papier, et par quelque proc\u00e9d\u00e9 que ce soit (notamment par voie de framing*), de l\u2019un ou l\u2019autre des \u00e9l\u00e9ments du site ou des services propos\u00e9s \u00e0 la vente, sans l\u2019accord pr\u00e9alable et expr\u00e8s de Fipe \u00a0est interdite, et constitue un acte de contrefa\u00e7on, qui pourra entra\u00eener des condamnations civiles et\/ou p\u00e9nales. Seule l\u2019impression papier est autoris\u00e9e aux fins de copie priv\u00e9e \u00e0 l\u2019usage exclusif du copiste au sens de l\u2019article L122-5 2\u00b0 du Code de propri\u00e9t\u00e9 intellectuelle.<\/p>\n<p>Aucun lien hypertexte vers le site ne peut \u00eatre install\u00e9 sans l\u2019accord pr\u00e9alable et expr\u00e8s de Fipe ou l\u2019action de capter le contenu de pages d\u2019un site Internet pour le transf\u00e9rer sur son propre site Internet par le biais d\u2019un lien hypertexte, en faisant appara\u00eetre ledit contenu comme le sien.<\/p>\n<p><strong>3 \u2013 Protection des donn\u00e9es personnelles<\/strong><\/p>\n<p>L\u2019internaute peut \u00eatre amen\u00e9 \u00e0 d\u00e9poser certaines donn\u00e9es personnelles en r\u00e9pondant aux formulaires qui lui sont propos\u00e9s. La saisie de ces donn\u00e9es est n\u00e9cessaire au traitement de la demande de l\u2019internaute par Fipe .<\/p>\n<p>Fipe s\u2019engage \u00e0 respecter les dispositions de la loi n\u00b078-17 du 6 janvier 1978 relative \u00e0 l\u2019informatique, aux fichiers et aux libert\u00e9s modifi\u00e9e et prendre toute pr\u00e9caution n\u00e9cessaire pour pr\u00e9server la s\u00e9curit\u00e9 des informations nominatives confi\u00e9es. les informations \u00e0 caract\u00e8re personnel pourront \u00eatre communiqu\u00e9e \u00e0 des soci\u00e9t\u00e9s tierces sans accord pr\u00e9alable.<\/p>\n<p><strong>4 \u2013 Les cookies<\/strong><\/p>\n<p>L\u2019utilisateur est inform\u00e9 que lors de ses visites sur le site, un cookie peut s\u2019installer automatiquement sur son logiciel de navigation. Un cookie est un \u00e9l\u00e9ment qui ne permet pas d\u2019identifier l\u2019utilisateur mais sert \u00e0 enregistrer des informations relatives \u00e0 la navigation de celui-ci sur le site Internet. Le param\u00e9trage de votre logiciel de navigation permet d\u2019informer de la pr\u00e9sence de cookies et \u00e9ventuellement de la refuser.<\/p>\n<p>Ce site utilise Google Analytics, un service d\u2019analyse de site Internet fourni par Google Inc. Google Analytics utilise des cookies, qui sont des fichiers texte plac\u00e9s sur votre ordinateur, pour aider le site internet \u00e0 analyser l\u2019utilisation du site par ses utilisateurs. Les donn\u00e9es g\u00e9n\u00e9r\u00e9es par les cookies concernant votre utilisation du site (y compris votre adresse IP) seront transmises et stock\u00e9es par Google sur des serveurs. Google utilisera cette information dans le but d\u2019\u00e9valuer votre utilisation du site, de compiler des rapports sur l\u2019activit\u00e9 du site \u00e0 destination de son \u00e9diteur et de fournir d\u2019autres services relatifs \u00e0 l\u2019activit\u00e9 du site et \u00e0 l\u2019utilisation d\u2019Internet. Google est susceptible de communiquer ces donn\u00e9es \u00e0 des tiers en cas d\u2019obligation l\u00e9gale ou lorsque ces tiers traitent ces donn\u00e9es pour le compte de Google, y compris notamment l\u2019\u00e9diteur de ce site. Google ne recoupera pas votre adresse IP avec toute autre donn\u00e9e d\u00e9tenue par Google. Vous pouvez d\u00e9sactiver l\u2019utilisation de cookies en s\u00e9lectionnant les param\u00e8tres appropri\u00e9s de votre navigateur. Cependant, une telle d\u00e9sactivation pourrait emp\u00eacher l\u2019utilisation de certaines fonctionnalit\u00e9s de ce site. En utilisant ce site Internet, vous consentez express\u00e9ment au traitement de vos donn\u00e9es nominatives par Google dans les conditions et pour les finalit\u00e9s d\u00e9crites ci-dessus.<\/p>\n<p><strong>5 \u2013 Responsabilit\u00e9<\/strong><\/p>\n<p>Fipe d\u00e9cline toute responsabilit\u00e9 quant aux \u00e9ventuels dysfonctionnements pouvant survenir sur le site et entra\u00eener une perte de donn\u00e9es ou une indisponibilit\u00e9 de l\u2019acc\u00e8s aux informations produites sur celui-ci.<\/p>\n<p>Les \u00e9l\u00e9ments pr\u00e9sent\u00e9s sur le site sont susceptibles de modification sans pr\u00e9avis et sont mis \u00e0 la disposition des internautes, sans aucune garantie d\u2019aucune sorte, expresse ou tacite.<\/p>\n<p>La pr\u00e9sence de liens hypertextes pr\u00e9sents sur le site \u2013 quelque soit l\u2019existence pr\u00e9alable ou non de l\u2019accord de Fipe \u2013 ne cr\u00e9e pas une solidarit\u00e9 de responsabilit\u00e9 entre celle-ci et les propri\u00e9taires des autres sites, quant au contenu des sites sur lesquels est redirig\u00e9 l\u2019internaute.<\/p>\n<p>Fipe ne peut garantir l\u2019exhaustivit\u00e9 et la v\u00e9racit\u00e9 des informations pr\u00e9sentes sur le site. De la m\u00eame mani\u00e8re, il ne peut garantir l\u2019absence de modification par un tiers (intrusion, virus).<\/p>\n<p>En outre, l\u2019internaute est seul responsable de l\u2019utilisation qu\u2019il fait du contenu du site. Sauf faute grave exclusive de Fipe, sa responsabilit\u00e9 ne peut \u00eatre engag\u00e9e pour des dommages directs et indirects li\u00e9s \u00e0 l\u2019utilisation des informations produites sur le Site.<\/p>\n<p><strong>6 \u2013 Loi applicable et comp\u00e9tence judiciaire<\/strong><\/p>\n<p>L\u2019ensemble des informations diffus\u00e9 sur le site et l\u2019utilisation qui en est faite sont soumis exclusivement au droit fran\u00e7ais. Seuls les tribunaux relevant du ressort de la Cour d\u2019appel de Rennes sont comp\u00e9tents pour conna\u00eetre des \u00e9ventuels litiges li\u00e9s \u00e0 l\u2019utilisation du site.<\/p>\n<p><em>Mise \u00e0 jour le 10 octobre 2018<\/em><\/p>\n","protected":false},"excerpt":{"rendered":"<p>URL Principale : Directeurs de la publication : Concept [&hellip;]<\/p>\n","protected":false},"author":1,"featured_media":0,"parent":0,"menu_order":23,"comment_status":"closed","ping_status":"closed","template":"","meta":{"_acf_changed":false,"footnotes":""},"class_list":["post-404","page","type-page","status-publish","hentry"],"acf":[],"yoast_head":"<!-- This site is optimized with the Yoast SEO plugin v25.5 - https:\/\/yoast.com\/wordpress\/plugins\/seo\/ -->\n<title>\u6743\u5229\u58f0\u660e - Fipe<\/title>\n<meta name=\"description\" content=\"Mentions l\u00e9gales de FIPE. Sp\u00e9cialis\u00e9e dans la fabrication de structures m\u00e9talliques et d\u2019ensembles chaudronn\u00e9s en Chine. Soci\u00e9t\u00e9 IWF.\" \/>\n<meta name=\"robots\" content=\"index, follow, max-snippet:-1, max-image-preview:large, max-video-preview:-1\" \/>\n<link rel=\"canonical\" href=\"https:\/\/www.fipe.pro\/zh-hans\/mentions-legales\/\" \/>\n<meta property=\"og:locale\" content=\"zh_CN\" \/>\n<meta property=\"og:type\" content=\"article\" \/>\n<meta property=\"og:title\" content=\"\u6743\u5229\u58f0\u660e - Fipe\" \/>\n<meta property=\"og:description\" content=\"Mentions l\u00e9gales de FIPE. Sp\u00e9cialis\u00e9e dans la fabrication de structures m\u00e9talliques et d\u2019ensembles chaudronn\u00e9s en Chine. Soci\u00e9t\u00e9 IWF.\" \/>\n<meta property=\"og:url\" content=\"https:\/\/www.fipe.pro\/zh-hans\/mentions-legales\/\" \/>\n<meta property=\"og:site_name\" content=\"Fipe\" \/>\n<meta property=\"article:modified_time\" content=\"2023-06-15T08:27:35+00:00\" \/>\n<meta property=\"og:image\" content=\"https:\/\/www.fipe.pro\/wp-content\/uploads\/2019\/01\/fipe.png\" \/>\n\t<meta property=\"og:image:width\" content=\"1000\" \/>\n\t<meta property=\"og:image:height\" content=\"509\" \/>\n\t<meta property=\"og:image:type\" content=\"image\/png\" \/>\n<meta name=\"twitter:card\" content=\"summary_large_image\" \/>\n<meta name=\"twitter:label1\" content=\"\u9884\u8ba1\u9605\u8bfb\u65f6\u95f4\" \/>\n\t<meta name=\"twitter:data1\" content=\"5 \u5206\" \/>\n<script type=\"application\/ld+json\" class=\"yoast-schema-graph\">{\"@context\":\"https:\/\/schema.org\",\"@graph\":[{\"@type\":\"WebPage\",\"@id\":\"https:\/\/www.fipe.pro\/zh-hans\/mentions-legales\/\",\"url\":\"https:\/\/www.fipe.pro\/zh-hans\/mentions-legales\/\",\"name\":\"\u6743\u5229\u58f0\u660e - Fipe\",\"isPartOf\":{\"@id\":\"https:\/\/www.fipe.pro\/zh-hans\/#website\"},\"datePublished\":\"2018-10-10T09:22:16+00:00\",\"dateModified\":\"2023-06-15T08:27:35+00:00\",\"description\":\"Mentions l\u00e9gales de FIPE. Sp\u00e9cialis\u00e9e dans la fabrication de structures m\u00e9talliques et d\u2019ensembles chaudronn\u00e9s en Chine. Soci\u00e9t\u00e9 IWF.\",\"breadcrumb\":{\"@id\":\"https:\/\/www.fipe.pro\/zh-hans\/mentions-legales\/#breadcrumb\"},\"inLanguage\":\"zh-Hans\",\"potentialAction\":[{\"@type\":\"ReadAction\",\"target\":[\"https:\/\/www.fipe.pro\/zh-hans\/mentions-legales\/\"]}]},{\"@type\":\"BreadcrumbList\",\"@id\":\"https:\/\/www.fipe.pro\/zh-hans\/mentions-legales\/#breadcrumb\",\"itemListElement\":[{\"@type\":\"ListItem\",\"position\":1,\"name\":\"Accueil\",\"item\":\"https:\/\/www.fipe.pro\/zh-hans\/\"},{\"@type\":\"ListItem\",\"position\":2,\"name\":\"\u6743\u5229\u58f0\u660e\"}]},{\"@type\":\"WebSite\",\"@id\":\"https:\/\/www.fipe.pro\/zh-hans\/#website\",\"url\":\"https:\/\/www.fipe.pro\/zh-hans\/\",\"name\":\"Fipe\",\"description\":\"STEEL PROCESS UNDER CONTROL\",\"publisher\":{\"@id\":\"https:\/\/www.fipe.pro\/zh-hans\/#organization\"},\"potentialAction\":[{\"@type\":\"SearchAction\",\"target\":{\"@type\":\"EntryPoint\",\"urlTemplate\":\"https:\/\/www.fipe.pro\/zh-hans\/?s={search_term_string}\"},\"query-input\":{\"@type\":\"PropertyValueSpecification\",\"valueRequired\":true,\"valueName\":\"search_term_string\"}}],\"inLanguage\":\"zh-Hans\"},{\"@type\":\"Organization\",\"@id\":\"https:\/\/www.fipe.pro\/zh-hans\/#organization\",\"name\":\"Fipe\",\"url\":\"https:\/\/www.fipe.pro\/zh-hans\/\",\"logo\":{\"@type\":\"ImageObject\",\"inLanguage\":\"zh-Hans\",\"@id\":\"https:\/\/www.fipe.pro\/zh-hans\/#\/schema\/logo\/image\/\",\"url\":\"https:\/\/www.fipe.pro\/wp-content\/uploads\/2019\/01\/fipe.png\",\"contentUrl\":\"https:\/\/www.fipe.pro\/wp-content\/uploads\/2019\/01\/fipe.png\",\"width\":1000,\"height\":509,\"caption\":\"Fipe\"},\"image\":{\"@id\":\"https:\/\/www.fipe.pro\/zh-hans\/#\/schema\/logo\/image\/\"},\"sameAs\":[\"https:\/\/www.linkedin.com\/company\/fipe-rushan\/\"]}]}<\/script>\n<!-- \/ Yoast SEO plugin. -->","yoast_head_json":{"title":"\u6743\u5229\u58f0\u660e - Fipe","description":"Mentions l\u00e9gales de FIPE. Sp\u00e9cialis\u00e9e dans la fabrication de structures m\u00e9talliques et d\u2019ensembles chaudronn\u00e9s en Chine. Soci\u00e9t\u00e9 IWF.","robots":{"index":"index","follow":"follow","max-snippet":"max-snippet:-1","max-image-preview":"max-image-preview:large","max-video-preview":"max-video-preview:-1"},"canonical":"https:\/\/www.fipe.pro\/zh-hans\/mentions-legales\/","og_locale":"zh_CN","og_type":"article","og_title":"\u6743\u5229\u58f0\u660e - Fipe","og_description":"Mentions l\u00e9gales de FIPE. Sp\u00e9cialis\u00e9e dans la fabrication de structures m\u00e9talliques et d\u2019ensembles chaudronn\u00e9s en Chine. Soci\u00e9t\u00e9 IWF.","og_url":"https:\/\/www.fipe.pro\/zh-hans\/mentions-legales\/","og_site_name":"Fipe","article_modified_time":"2023-06-15T08:27:35+00:00","og_image":[{"width":1000,"height":509,"url":"https:\/\/www.fipe.pro\/wp-content\/uploads\/2019\/01\/fipe.png","type":"image\/png"}],"twitter_card":"summary_large_image","twitter_misc":{"\u9884\u8ba1\u9605\u8bfb\u65f6\u95f4":"5 \u5206"},"schema":{"@context":"https:\/\/schema.org","@graph":[{"@type":"WebPage","@id":"https:\/\/www.fipe.pro\/zh-hans\/mentions-legales\/","url":"https:\/\/www.fipe.pro\/zh-hans\/mentions-legales\/","name":"\u6743\u5229\u58f0\u660e - Fipe","isPartOf":{"@id":"https:\/\/www.fipe.pro\/zh-hans\/#website"},"datePublished":"2018-10-10T09:22:16+00:00","dateModified":"2023-06-15T08:27:35+00:00","description":"Mentions l\u00e9gales de FIPE. Sp\u00e9cialis\u00e9e dans la fabrication de structures m\u00e9talliques et d\u2019ensembles chaudronn\u00e9s en Chine. Soci\u00e9t\u00e9 IWF.","breadcrumb":{"@id":"https:\/\/www.fipe.pro\/zh-hans\/mentions-legales\/#breadcrumb"},"inLanguage":"zh-Hans","potentialAction":[{"@type":"ReadAction","target":["https:\/\/www.fipe.pro\/zh-hans\/mentions-legales\/"]}]},{"@type":"BreadcrumbList","@id":"https:\/\/www.fipe.pro\/zh-hans\/mentions-legales\/#breadcrumb","itemListElement":[{"@type":"ListItem","position":1,"name":"Accueil","item":"https:\/\/www.fipe.pro\/zh-hans\/"},{"@type":"ListItem","position":2,"name":"\u6743\u5229\u58f0\u660e"}]},{"@type":"WebSite","@id":"https:\/\/www.fipe.pro\/zh-hans\/#website","url":"https:\/\/www.fipe.pro\/zh-hans\/","name":"Fipe","description":"STEEL PROCESS UNDER CONTROL","publisher":{"@id":"https:\/\/www.fipe.pro\/zh-hans\/#organization"},"potentialAction":[{"@type":"SearchAction","target":{"@type":"EntryPoint","urlTemplate":"https:\/\/www.fipe.pro\/zh-hans\/?s={search_term_string}"},"query-input":{"@type":"PropertyValueSpecification","valueRequired":true,"valueName":"search_term_string"}}],"inLanguage":"zh-Hans"},{"@type":"Organization","@id":"https:\/\/www.fipe.pro\/zh-hans\/#organization","name":"Fipe","url":"https:\/\/www.fipe.pro\/zh-hans\/","logo":{"@type":"ImageObject","inLanguage":"zh-Hans","@id":"https:\/\/www.fipe.pro\/zh-hans\/#\/schema\/logo\/image\/","url":"https:\/\/www.fipe.pro\/wp-content\/uploads\/2019\/01\/fipe.png","contentUrl":"https:\/\/www.fipe.pro\/wp-content\/uploads\/2019\/01\/fipe.png","width":1000,"height":509,"caption":"Fipe"},"image":{"@id":"https:\/\/www.fipe.pro\/zh-hans\/#\/schema\/logo\/image\/"},"sameAs":["https:\/\/www.linkedin.com\/company\/fipe-rushan\/"]}]}},"_links":{"self":[{"href":"https:\/\/www.fipe.pro\/zh-hans\/wp-json\/wp\/v2\/pages\/404","targetHints":{"allow":["GET"]}}],"collection":[{"href":"https:\/\/www.fipe.pro\/zh-hans\/wp-json\/wp\/v2\/pages"}],"about":[{"href":"https:\/\/www.fipe.pro\/zh-hans\/wp-json\/wp\/v2\/types\/page"}],"author":[{"embeddable":true,"href":"https:\/\/www.fipe.pro\/zh-hans\/wp-json\/wp\/v2\/users\/1"}],"replies":[{"embeddable":true,"href":"https:\/\/www.fipe.pro\/zh-hans\/wp-json\/wp\/v2\/comments?post=404"}],"version-history":[{"count":1,"href":"https:\/\/www.fipe.pro\/zh-hans\/wp-json\/wp\/v2\/pages\/404\/revisions"}],"predecessor-version":[{"id":405,"href":"https:\/\/www.fipe.pro\/zh-hans\/wp-json\/wp\/v2\/pages\/404\/revisions\/405"}],"wp:attachment":[{"href":"https:\/\/www.fipe.pro\/zh-hans\/wp-json\/wp\/v2\/media?parent=404"}],"curies":[{"name":"wp","href":"https:\/\/api.w.org\/{rel}","templated":true}]}}